{"id":2,"date":"2021-10-05T15:41:24","date_gmt":"2021-10-05T15:41:24","guid":{"rendered":"http:\/\/konfederacja80.pl\/portal\/?page_id=2"},"modified":"2021-10-05T18:42:01","modified_gmt":"2021-10-05T18:42:01","slug":"sample-page","status":"publish","type":"page","link":"http:\/\/konfederacja80.pl\/portal\/","title":{"rendered":"Dzie\u0144 Dobry"},"content":{"rendered":"\n<p>Witamy na stornie <\/p>\n\n\n\n<p>Krajowego Niezale\u017cnego Samorz\u0105dnego Zwi\u0105zku Zawodowego &#8222;Solidarno\u015b\u0107-80&#8221;<\/p>\n\n\n\n<blockquote class=\"wp-block-quote is-layout-flow wp-block-quote-is-layout-flow\"><p>Tutaj w przysz\u0142o\u015bci powstanie tre\u015b\u0107.<\/p><\/blockquote>\n","protected":false},"excerpt":{"rendered":"<p>Witamy na stornie Krajowego Niezale\u017cnego Samorz\u0105dnego Zwi\u0105zku Zawodowego &#8222;Solidarno\u015b\u0107-80&#8221; Tutaj w przysz\u0142o\u015bci powstanie tre\u015b\u0107.<\/p>\n","protected":false},"author":1,"featured_media":0,"parent":0,"menu_order":0,"comment_status":"closed","ping_status":"open","template":"","meta":{"footnotes":""},"class_list":["post-2","page","type-page","status-publish","hentry"],"_links":{"self":[{"href":"http:\/\/konfederacja80.pl\/portal\/wp-json\/wp\/v2\/pages\/2","targetHints":{"allow":["GET"]}}],"collection":[{"href":"http:\/\/konfederacja80.pl\/portal\/wp-json\/wp\/v2\/pages"}],"about":[{"href":"http:\/\/konfederacja80.pl\/portal\/wp-json\/wp\/v2\/types\/page"}],"author":[{"embeddable":true,"href":"http:\/\/konfederacja80.pl\/portal\/wp-json\/wp\/v2\/users\/1"}],"replies":[{"embeddable":true,"href":"http:\/\/konfederacja80.pl\/portal\/wp-json\/wp\/v2\/comments?post=2"}],"version-history":[{"count":2,"href":"http:\/\/konfederacja80.pl\/portal\/wp-json\/wp\/v2\/pages\/2\/revisions"}],"predecessor-version":[{"id":19,"href":"http:\/\/konfederacja80.pl\/portal\/wp-json\/wp\/v2\/pages\/2\/revisions\/19"}],"wp:attachment":[{"href":"http:\/\/konfederacja80.pl\/portal\/wp-json\/wp\/v2\/media?parent=2"}],"curies":[{"name":"wp","href":"https:\/\/api.w.org\/{rel}","templated":true}]}}